{"id":571,"date":"2024-12-06T07:10:59","date_gmt":"2024-12-06T10:10:59","guid":{"rendered":"http:\/\/joaodebarro.blog.br\/site\/?page_id=571"},"modified":"2024-12-07T05:55:39","modified_gmt":"2024-12-07T08:55:39","slug":"expediente","status":"publish","type":"page","link":"https:\/\/joaodebarro.blog.br\/site\/expediente\/","title":{"rendered":"Expediente"},"content":{"rendered":"<div class=\"wp-block-image\">\n<figure class=\"alignleft size-full is-resized\"><img loading=\"lazy\" decoding=\"async\" width=\"736\" height=\"513\" src=\"https:\/\/joaodebarro.blog.br\/site\/wp-content\/uploads\/2024\/12\/joaodebarro.jpg\" alt=\"\" class=\"wp-image-479\" style=\"width:170px;height:auto\" srcset=\"https:\/\/joaodebarro.blog.br\/site\/wp-content\/uploads\/2024\/12\/joaodebarro.jpg 736w, https:\/\/joaodebarro.blog.br\/site\/wp-content\/uploads\/2024\/12\/joaodebarro-300x209.jpg 300w\" sizes=\"auto, (max-width: 736px) 100vw, 736px\" \/><\/figure>\n<\/div>\n\n\n<p style=\"padding-top:var(--wp--preset--spacing--60);padding-bottom:var(--wp--preset--spacing--60)\">O conte\u00fado deste blog \u00e9 de autoria, ou curadoria, de Jo\u00e3o de Barro.<br>Para entrar em contato use o e-mail: <a href=\"mailto:contato@joaodebarro.blog.br\">contato@joaodebarro.blog.br<\/a><\/p>\n\n\n\n<p><\/p>\n","protected":false},"excerpt":{"rendered":"<p>O conte\u00fado deste blog \u00e9 de autoria, ou curadoria, de Jo\u00e3o de Barro.Para entrar em contato use o e-mail: contato@joaodebarro.blog.br<\/p>\n","protected":false},"author":1,"featured_media":0,"parent":0,"menu_order":0,"comment_status":"closed","ping_status":"closed","template":"","meta":{"neve_meta_sidebar":"","neve_meta_container":"","neve_meta_enable_content_width":"","neve_meta_content_width":0,"neve_meta_title_alignment":"","neve_meta_author_avatar":"","neve_post_elements_order":"","neve_meta_disable_header":"","neve_meta_disable_footer":"","neve_meta_disable_title":"","footnotes":""},"class_list":["post-571","page","type-page","status-publish","hentry"],"featured_image_src":null,"_links":{"self":[{"href":"https:\/\/joaodebarro.blog.br\/site\/wp-json\/wp\/v2\/pages\/571","targetHints":{"allow":["GET"]}}],"collection":[{"href":"https:\/\/joaodebarro.blog.br\/site\/wp-json\/wp\/v2\/pages"}],"about":[{"href":"https:\/\/joaodebarro.blog.br\/site\/wp-json\/wp\/v2\/types\/page"}],"author":[{"embeddable":true,"href":"https:\/\/joaodebarro.blog.br\/site\/wp-json\/wp\/v2\/users\/1"}],"replies":[{"embeddable":true,"href":"https:\/\/joaodebarro.blog.br\/site\/wp-json\/wp\/v2\/comments?post=571"}],"version-history":[{"count":1,"href":"https:\/\/joaodebarro.blog.br\/site\/wp-json\/wp\/v2\/pages\/571\/revisions"}],"predecessor-version":[{"id":572,"href":"https:\/\/joaodebarro.blog.br\/site\/wp-json\/wp\/v2\/pages\/571\/revisions\/572"}],"wp:attachment":[{"href":"https:\/\/joaodebarro.blog.br\/site\/wp-json\/wp\/v2\/media?parent=571"}],"curies":[{"name":"wp","href":"https:\/\/api.w.org\/{rel}","templated":true}]}}